{"id":8788,"date":"2019-11-11T13:19:38","date_gmt":"2019-11-11T11:19:38","guid":{"rendered":"https:\/\/electronic.tepcomp.fi\/tietosuojaseloste\/"},"modified":"2026-04-22T12:41:17","modified_gmt":"2026-04-22T09:41:17","slug":"datenschutzerklaerung","status":"publish","type":"page","link":"https:\/\/www.tepcomp.fi\/de\/datenschutzerklaerung\/","title":{"rendered":"Datenschutzerkl\u00e4rung"},"content":{"rendered":"[vc_row type=&#8220;in_container&#8220; full_screen_row_position=&#8220;middle&#8220; column_margin=&#8220;default&#8220; column_direction=&#8220;default&#8220; column_direction_tablet=&#8220;default&#8220; column_direction_phone=&#8220;default&#8220; scene_position=&#8220;center&#8220; text_color=&#8220;dark&#8220; text_align=&#8220;left&#8220; row_border_radius=&#8220;none&#8220; row_border_radius_applies=&#8220;bg&#8220; row_position_desktop=&#8220;default&#8220; row_position_tablet=&#8220;inherit&#8220; row_position_phone=&#8220;inherit&#8220; overflow=&#8220;visible&#8220; overlay_strength=&#8220;0.3&#8243; gradient_direction=&#8220;left_to_right&#8220; shape_divider_position=&#8220;bottom&#8220; bg_image_animation=&#8220;none&#8220;][vc_column column_padding=&#8220;no-extra-padding&#8220; column_padding_tablet=&#8220;inherit&#8220; column_padding_phone=&#8220;inherit&#8220; column_padding_position=&#8220;all&#8220; flex_gap_desktop=&#8220;10px&#8220; column_element_direction_desktop=&#8220;default&#8220; column_element_spacing=&#8220;default&#8220; desktop_text_alignment=&#8220;default&#8220; tablet_text_alignment=&#8220;default&#8220; phone_text_alignment=&#8220;default&#8220; background_color_opacity=&#8220;1&#8243; background_hover_color_opacity=&#8220;1&#8243; column_backdrop_filter=&#8220;none&#8220; column_shadow=&#8220;none&#8220; column_border_radius=&#8220;none&#8220; column_link_target=&#8220;_self&#8220; column_position=&#8220;default&#8220; gradient_direction=&#8220;left_to_right&#8220; overlay_strength=&#8220;0.3&#8243; width=&#8220;1\/1&#8243; tablet_width_inherit=&#8220;default&#8220; animation_type=&#8220;default&#8220; bg_image_animation=&#8220;none&#8220; border_type=&#8220;simple&#8220; column_border_width=&#8220;none&#8220; column_border_style=&#8220;solid&#8220;][vc_column_text css=&#8220;&#8220; text_direction=&#8220;default&#8220;]\n<h2>Datenschutzerkl\u00e4rung<\/h2>\n<p>Dies ist die Datenschutzerkl\u00e4rung von Tepcomp Group Oy gem\u00e4\u00df dem [finnischen] Gesetz \u00fcber personenbezogene Daten (\u00a7 10 und 24) und der EU-Datenschutz-Grundverordnung (DSGVO).<\/p>\n<p>Letzte \u00c4nderung am 01.12.2020.<\/p>\n<p><strong>1. Registerf\u00fchrer<\/strong><\/p>\n<p>Tepcomp Group Oy<br \/>\nKaurakatu 46<br \/>\nFI-20740 Turku<br \/>\nFinnland<\/p>\n<p><strong>2. F\u00fcr das Register verantwortliche Kontaktperson<\/strong><\/p>\n<p>Masi Lehtisalo<br \/>\nOperations Director<br \/>\n<a href=\"mailto:masi.lehtisalo@tepcomp.fi\">masi.lehtisalo@tepcomp.fi<\/a><\/p>\n<p><strong>3. Name des Registers<\/strong><\/p>\n<p>Kundenregister des Unternehmens<\/p>\n<p><strong>4. Rechtsgrund und Zweck der Verarbeitung personenbezogener Daten<\/strong><\/p>\n<p>Der Rechtsgrund f\u00fcr die Verarbeitung personenbezogener Daten gem\u00e4\u00df der EU-Datenschutz-Grundverordnung ist:<br \/>\n\u2014 die Einwilligung einer Person (dokumentiert, freiwillig, identifiziert, informiert, eindeutig)<br \/>\n\u2014 ein Vertrag, bei dem die registriert Person oder der Arbeitgeber \/ das Unternehmen der registrierten Person eine Partei ist<\/p>\n<p>Der Zweck der Verarbeitung personenbezogener Daten ist der Kontakt mit Kunden, die Aufrechterhaltung von Kundenbeziehungen sowie Dienstleistungen oder die Lieferung von Ger\u00e4ten.<\/p>\n<p>Die Daten werden nicht zur automatisierten Entscheidungsfindung oder Profilierung verwendet.<\/p>\n<p><strong>5. Dateninhalt des Registers<\/strong><\/p>\n<p>Zu den im Register gespeichert werdenden Daten geh\u00f6ren: Name der Person, Position, Unternehmen\/Organisation, Kontaktinformationen (Telefonnummer, E-Mail-Adresse, Adresse), Adressen von Websites, IP-Adresse der Netzwerkverbindung, Kennungen\/Profile auf Social-Media-Diensten, Informationen \u00fcber abonnierte Dienstleistungen und \u00c4nderungen daran, Rechnungsinformationen, andere Informationen in Zusammenhang mit der Kundenbeziehung und den bestellten Dienstleistungen.<\/p>\n<p><strong>6. Ordnungsm\u00e4\u00dfige Datenquellen<\/strong><\/p>\n<p>Die Daten, die im Register gespeichert werden, \u00fcbermittelt der Kunde \u00fcber Mitteilungen in Webformularen, per E-Mail, Telefon, \u00fcber Social-Media-Dienste, Vertr\u00e4ge, Kundentermine und in anderen Situationen, in denen der Kunde seine Daten preisgibt.<\/p>\n<p><strong>7. Ordnungsm\u00e4\u00dfige Offenlegungen und \u00dcbermittlung von Daten au\u00dferhalb der EU oder des EWR<\/strong><\/p>\n<p>Die Daten werden in der Regel nicht an Dritte weitergegeben.<\/p>\n<p><strong>8. Grunds\u00e4tze f\u00fcr den Schutz des Registers<\/strong><\/p>\n<p>Das Register wird mit Sorgfalt verarbeitet und die mit Datensystemen verarbeiteten Daten werden sachgem\u00e4\u00df gesch\u00fctzt. Wenn Registerdaten auf Internetservern gespeichert werden, wird angemessen auf die physische und digitale Datensicherheit ihrer Hardware geachtet. Der Registerf\u00fchrer sorgt daf\u00fcr, dass die gespeicherten Daten sowie die Zugriffsrechte auf die Server und andere Daten, die f\u00fcr die Sicherheit personenbezogener Daten entscheidend sind, vertraulich und nur von Mitarbeitern verarbeitet werden, zu deren Stellenbeschreibung dies geh\u00f6rt.<\/p>\n<p><strong>9. Auskunftsrecht und Recht auf Berichtigung der Daten<\/strong><\/p>\n<p>Jede Person im Register hat das Recht, ihre im Register gespeicherten Daten zu \u00fcberpr\u00fcfen und die Korrektur m\u00f6glicher falscher Daten oder die Erg\u00e4nzung unvollst\u00e4ndiger Daten zu verlangen. Wenn eine Person die \u00fcber sie gespeicherten Daten \u00fcberpr\u00fcfen oder korrigieren lassen m\u00f6chte, muss die Anfrage schriftlich an den Registerf\u00fchrer gesendet werden. Bei Bedarf kann der Registerf\u00fchrer den Antragsteller dazu auffordern, seine Identit\u00e4t nachzuweisen. Der Registerf\u00fchrer antwortet dem Kunden innerhalb der in der EU-Datenschutz-Grundverordnung festgelegten Frist (in der Regel innerhalb eines Monats).<\/p>\n<p><strong>10. Andere Rechte bez\u00fcglich der Verarbeitung personenbezogener Daten<\/strong><\/p>\n<p>Eine Person im Register hat das Recht, um das L\u00f6schen der sie betreffenden personenbezogenen Daten aus dem Register zu ersuchen (\u201eRecht auf Vergessenwerden\u201c). Die registrierten Personen haben auch andere <a href=\"http:\/\/eur-lex.europa.eu\/legal-content\/FI\/TXT\/?uri=CELEX%3A32016R0679#d1e2144-1-1\" target=\"_blank\" rel=\"noopener noreferrer\">Rechte gem\u00e4\u00df der EU-Datenschutz-Grundverordnung<\/a> wie die Einschr\u00e4nkung der Verarbeitung personenbezogener Daten in bestimmten Situationen. Die Ansuchen m\u00fcssen schriftlich an den Registerf\u00fchrer gesendet werden. Bei Bedarf kann der Registerf\u00fchrer den Antragsteller dazu auffordern, seine Identit\u00e4t nachzuweisen. Der Registerf\u00fchrer antwortet dem Kunden innerhalb der in der EU-Datenschutz-Grundverordnung festgelegten Frist (in der Regel innerhalb eines Monats).<\/p>\n<p><strong>11. Cookies<\/strong><\/p>\n<p>Diese Website verwendet Cookies. Ein Cookie ist eine kleine Textdatei, die von einem Internetbrowser auf dem Ger\u00e4t des Benutzers gespeichert wird. Cookies werden zum Beispiel verwendet, wenn die Daten des Kunden gespeichert werden sollen, wenn dieser von einer Seite des Internetdienstes zu einer anderen wechselt. Die Verwendung von Cookies erfordert immer die Zustimmung des Benutzers.<\/p>\n<p><a href=\"https:\/\/www.viestintavirasto.fi\/kyberturvallisuus\/tietoturvaohjeet\/palveluidenturvallinenkaytto\/evasteet.html\" target=\"_blank\" rel=\"noopener noreferrer\">Quelle und zus\u00e4tzliche Informationen<\/a> (Finnische Regulierungsbeh\u00f6rde f\u00fcr Telekommunikation und Post)<\/p>\n<p><strong>User-Tracking<\/strong><br \/>\nWir verwenden den Tracking-Service von Leadoo, um zu verfolgen, was Benutzer auf der Website tun, und diese Verhaltensdaten mit anderen Daten zu kombinieren, die wir zum Beispiel aus Chat-Interaktionen sammeln k\u00f6nnen. Leadoo verwendet ETag-Tracking, um das Verhalten desselben Benutzers \u00fcber mehrere Sitzungen hinweg miteinander zu verkn\u00fcpfen. Weitere Informationen dar\u00fcber, was verfolgt wird und welche Rechte Sie haben, finden Sie in den Datenschutzbestimmungen von Leadoo Marketing Technologies Ltd ( <a href=\"https:\/\/leadoo.com\/privacy-policy\/\" target=\"_blank\" rel=\"noopener noreferrer\">https:\/\/leadoo.com\/privacy-policy\/<\/a> ). Leadoo fungiert als Auftragsverarbeiter (Processor) und wir fungieren als Verantwortlicher (Controller) f\u00fcr die Daten in Bezug auf die DSGVO. Sie k\u00f6nnen das Tracking deaktivieren, indem Sie den Cache Ihres Browsers nach dem Besuch leeren. Weitere Informationen zur Funktionsweise von Leadoo als DSGVO-konformer Auftragsverarbeiter finden Sie unter <a href=\"https:\/\/leadoo.com\/privacy-policy-processor\/\" target=\"_blank\" rel=\"noopener noreferrer\">https:\/\/leadoo.com\/privacy-policy-processor\/<\/a>.[\/vc_column_text][\/vc_column][\/vc_row]\n","protected":false},"excerpt":{"rendered":"<p>[vc_row type=&#8220;in_container&#8220; full_screen_row_position=&#8220;middle&#8220; column_margin=&#8220;default&#8220; column_direction=&#8220;default&#8220; column_direction_tablet=&#8220;default&#8220; column_direction_phone=&#8220;default&#8220; scene_position=&#8220;center&#8220; text_color=&#8220;dark&#8220; text_align=&#8220;left&#8220; row_border_radius=&#8220;none&#8220; row_border_radius_applies=&#8220;bg&#8220; row_position_desktop=&#8220;default&#8220; row_position_tablet=&#8220;inherit&#8220; row_position_phone=&#8220;inherit&#8220; overflow=&#8220;visible&#8220; overlay_strength=&#8220;0.3&#8243; gradient_direction=&#8220;left_to_right&#8220; shape_divider_position=&#8220;bottom&#8220; bg_image_animation=&#8220;none&#8220;][vc_column column_padding=&#8220;no-extra-padding&#8220; column_padding_tablet=&#8220;inherit&#8220; column_padding_phone=&#8220;inherit&#8220; column_padding_position=&#8220;all&#8220; flex_gap_desktop=&#8220;10px&#8220; column_element_direction_desktop=&#8220;default&#8220; column_element_spacing=&#8220;default&#8220; desktop_text_alignment=&#8220;default&#8220; tablet_text_alignment=&#8220;default&#8220; phone_text_alignment=&#8220;default&#8220;&#8230;<\/p>\n","protected":false},"author":5,"featured_media":0,"parent":0,"menu_order":0,"comment_status":"closed","ping_status":"closed","template":"","meta":{"footnotes":""},"class_list":["post-8788","page","type-page","status-publish"],"yoast_head":"<!-- This site is optimized with the Yoast SEO plugin v27.4 - https:\/\/yoast.com\/product\/yoast-seo-wordpress\/ -->\n<title>Datenschutzerkl\u00e4rung - Tepcomp Group<\/title>\n<meta name=\"description\" content=\"Dies ist die Datenschutzerkl\u00e4rung von Tepcomp Group Oy gem\u00e4\u00df dem Gesetz \u00fcber personenbezogene Daten.\" \/>\n<meta name=\"robots\" content=\"index, follow, max-snippet:-1, max-image-preview:large, max-video-preview:-1\" \/>\n<link rel=\"canonical\" href=\"https:\/\/www.tepcomp.fi\/de\/datenschutzerklaerung\/\" \/>\n<meta property=\"og:locale\" content=\"de_DE\" \/>\n<meta property=\"og:type\" content=\"article\" \/>\n<meta property=\"og:title\" content=\"Datenschutzerkl\u00e4rung - Tepcomp Group\" \/>\n<meta property=\"og:description\" content=\"Dies ist die Datenschutzerkl\u00e4rung von Tepcomp Group Oy gem\u00e4\u00df dem Gesetz \u00fcber personenbezogene Daten.\" \/>\n<meta property=\"og:url\" content=\"https:\/\/www.tepcomp.fi\/de\/datenschutzerklaerung\/\" \/>\n<meta property=\"og:site_name\" content=\"Tepcomp Group\" \/>\n<meta property=\"article:modified_time\" content=\"2026-04-22T09:41:17+00:00\" \/>\n<meta name=\"twitter:card\" content=\"summary_large_image\" \/>\n<meta name=\"twitter:label1\" content=\"Gesch\u00e4tzte Lesezeit\" \/>\n\t<meta name=\"twitter:data1\" content=\"4\u00a0Minuten\" \/>\n<script type=\"application\/ld+json\" class=\"yoast-schema-graph\">{\"@context\":\"https:\\\/\\\/schema.org\",\"@graph\":[{\"@type\":\"WebPage\",\"@id\":\"https:\\\/\\\/www.tepcomp.fi\\\/de\\\/datenschutzerklaerung\\\/\",\"url\":\"https:\\\/\\\/www.tepcomp.fi\\\/de\\\/datenschutzerklaerung\\\/\",\"name\":\"Datenschutzerkl\u00e4rung - Tepcomp Group\",\"isPartOf\":{\"@id\":\"https:\\\/\\\/www.tepcomp.fi\\\/#website\"},\"datePublished\":\"2019-11-11T11:19:38+00:00\",\"dateModified\":\"2026-04-22T09:41:17+00:00\",\"description\":\"Dies ist die Datenschutzerkl\u00e4rung von Tepcomp Group Oy gem\u00e4\u00df dem Gesetz \u00fcber personenbezogene Daten.\",\"breadcrumb\":{\"@id\":\"https:\\\/\\\/www.tepcomp.fi\\\/de\\\/datenschutzerklaerung\\\/#breadcrumb\"},\"inLanguage\":\"de\",\"potentialAction\":[{\"@type\":\"ReadAction\",\"target\":[\"https:\\\/\\\/www.tepcomp.fi\\\/de\\\/datenschutzerklaerung\\\/\"]}]},{\"@type\":\"BreadcrumbList\",\"@id\":\"https:\\\/\\\/www.tepcomp.fi\\\/de\\\/datenschutzerklaerung\\\/#breadcrumb\",\"itemListElement\":[{\"@type\":\"ListItem\",\"position\":1,\"name\":\"Home\",\"item\":\"https:\\\/\\\/www.tepcomp.fi\\\/de\\\/\"},{\"@type\":\"ListItem\",\"position\":2,\"name\":\"Datenschutzerkl\u00e4rung\"}]},{\"@type\":\"WebSite\",\"@id\":\"https:\\\/\\\/www.tepcomp.fi\\\/#website\",\"url\":\"https:\\\/\\\/www.tepcomp.fi\\\/\",\"name\":\"Tepcomp Group\",\"description\":\"Elektroniikan sopimusvalmistaja\",\"potentialAction\":[{\"@type\":\"SearchAction\",\"target\":{\"@type\":\"EntryPoint\",\"urlTemplate\":\"https:\\\/\\\/www.tepcomp.fi\\\/?s={search_term_string}\"},\"query-input\":{\"@type\":\"PropertyValueSpecification\",\"valueRequired\":true,\"valueName\":\"search_term_string\"}}],\"inLanguage\":\"de\"}]}<\/script>\n<!-- \/ Yoast SEO plugin. -->","yoast_head_json":{"title":"Datenschutzerkl\u00e4rung - Tepcomp Group","description":"Dies ist die Datenschutzerkl\u00e4rung von Tepcomp Group Oy gem\u00e4\u00df dem Gesetz \u00fcber personenbezogene Daten.","robots":{"index":"index","follow":"follow","max-snippet":"max-snippet:-1","max-image-preview":"max-image-preview:large","max-video-preview":"max-video-preview:-1"},"canonical":"https:\/\/www.tepcomp.fi\/de\/datenschutzerklaerung\/","og_locale":"de_DE","og_type":"article","og_title":"Datenschutzerkl\u00e4rung - Tepcomp Group","og_description":"Dies ist die Datenschutzerkl\u00e4rung von Tepcomp Group Oy gem\u00e4\u00df dem Gesetz \u00fcber personenbezogene Daten.","og_url":"https:\/\/www.tepcomp.fi\/de\/datenschutzerklaerung\/","og_site_name":"Tepcomp Group","article_modified_time":"2026-04-22T09:41:17+00:00","twitter_card":"summary_large_image","twitter_misc":{"Gesch\u00e4tzte Lesezeit":"4\u00a0Minuten"},"schema":{"@context":"https:\/\/schema.org","@graph":[{"@type":"WebPage","@id":"https:\/\/www.tepcomp.fi\/de\/datenschutzerklaerung\/","url":"https:\/\/www.tepcomp.fi\/de\/datenschutzerklaerung\/","name":"Datenschutzerkl\u00e4rung - Tepcomp Group","isPartOf":{"@id":"https:\/\/www.tepcomp.fi\/#website"},"datePublished":"2019-11-11T11:19:38+00:00","dateModified":"2026-04-22T09:41:17+00:00","description":"Dies ist die Datenschutzerkl\u00e4rung von Tepcomp Group Oy gem\u00e4\u00df dem Gesetz \u00fcber personenbezogene Daten.","breadcrumb":{"@id":"https:\/\/www.tepcomp.fi\/de\/datenschutzerklaerung\/#breadcrumb"},"inLanguage":"de","potentialAction":[{"@type":"ReadAction","target":["https:\/\/www.tepcomp.fi\/de\/datenschutzerklaerung\/"]}]},{"@type":"BreadcrumbList","@id":"https:\/\/www.tepcomp.fi\/de\/datenschutzerklaerung\/#breadcrumb","itemListElement":[{"@type":"ListItem","position":1,"name":"Home","item":"https:\/\/www.tepcomp.fi\/de\/"},{"@type":"ListItem","position":2,"name":"Datenschutzerkl\u00e4rung"}]},{"@type":"WebSite","@id":"https:\/\/www.tepcomp.fi\/#website","url":"https:\/\/www.tepcomp.fi\/","name":"Tepcomp Group","description":"Elektroniikan sopimusvalmistaja","potentialAction":[{"@type":"SearchAction","target":{"@type":"EntryPoint","urlTemplate":"https:\/\/www.tepcomp.fi\/?s={search_term_string}"},"query-input":{"@type":"PropertyValueSpecification","valueRequired":true,"valueName":"search_term_string"}}],"inLanguage":"de"}]}},"_links":{"self":[{"href":"https:\/\/www.tepcomp.fi\/de\/wp-json\/wp\/v2\/pages\/8788","targetHints":{"allow":["GET"]}}],"collection":[{"href":"https:\/\/www.tepcomp.fi\/de\/wp-json\/wp\/v2\/pages"}],"about":[{"href":"https:\/\/www.tepcomp.fi\/de\/wp-json\/wp\/v2\/types\/page"}],"author":[{"embeddable":true,"href":"https:\/\/www.tepcomp.fi\/de\/wp-json\/wp\/v2\/users\/5"}],"replies":[{"embeddable":true,"href":"https:\/\/www.tepcomp.fi\/de\/wp-json\/wp\/v2\/comments?post=8788"}],"version-history":[{"count":6,"href":"https:\/\/www.tepcomp.fi\/de\/wp-json\/wp\/v2\/pages\/8788\/revisions"}],"predecessor-version":[{"id":9682,"href":"https:\/\/www.tepcomp.fi\/de\/wp-json\/wp\/v2\/pages\/8788\/revisions\/9682"}],"wp:attachment":[{"href":"https:\/\/www.tepcomp.fi\/de\/wp-json\/wp\/v2\/media?parent=8788"}],"curies":[{"name":"wp","href":"https:\/\/api.w.org\/{rel}","templated":true}]}}