{"id":8785,"date":"2019-11-11T13:19:38","date_gmt":"2019-11-11T11:19:38","guid":{"rendered":"https:\/\/electronic.tepcomp.fi\/tietosuojaseloste\/"},"modified":"2026-04-22T12:41:57","modified_gmt":"2026-04-22T09:41:57","slug":"dataskyddsbeskrivning","status":"publish","type":"page","link":"https:\/\/www.tepcomp.fi\/sv\/dataskyddsbeskrivning\/","title":{"rendered":"Register- och dataskyddsbeskrivning"},"content":{"rendered":"[vc_row type=&#8221;in_container&#8221; full_screen_row_position=&#8221;middle&#8221; column_margin=&#8221;default&#8221; column_direction=&#8221;default&#8221; column_direction_tablet=&#8221;default&#8221; column_direction_phone=&#8221;default&#8221; scene_position=&#8221;center&#8221; text_color=&#8221;dark&#8221; text_align=&#8221;left&#8221; row_border_radius=&#8221;none&#8221; row_border_radius_applies=&#8221;bg&#8221; row_position_desktop=&#8221;default&#8221; row_position_tablet=&#8221;inherit&#8221; row_position_phone=&#8221;inherit&#8221; overflow=&#8221;visible&#8221; overlay_strength=&#8221;0.3&#8243; gradient_direction=&#8221;left_to_right&#8221; shape_divider_position=&#8221;bottom&#8221; bg_image_animation=&#8221;none&#8221;][vc_column column_padding=&#8221;no-extra-padding&#8221; column_padding_tablet=&#8221;inherit&#8221; column_padding_phone=&#8221;inherit&#8221; column_padding_position=&#8221;all&#8221; flex_gap_desktop=&#8221;10px&#8221; column_element_direction_desktop=&#8221;default&#8221; column_element_spacing=&#8221;default&#8221; desktop_text_alignment=&#8221;default&#8221; tablet_text_alignment=&#8221;default&#8221; phone_text_alignment=&#8221;default&#8221; background_color_opacity=&#8221;1&#8243; background_hover_color_opacity=&#8221;1&#8243; column_backdrop_filter=&#8221;none&#8221; column_shadow=&#8221;none&#8221; column_border_radius=&#8221;none&#8221; column_link_target=&#8221;_self&#8221; column_position=&#8221;default&#8221; gradient_direction=&#8221;left_to_right&#8221; overlay_strength=&#8221;0.3&#8243; width=&#8221;1\/1&#8243; tablet_width_inherit=&#8221;default&#8221; animation_type=&#8221;default&#8221; bg_image_animation=&#8221;none&#8221; border_type=&#8221;simple&#8221; column_border_width=&#8221;none&#8221; column_border_style=&#8221;solid&#8221;][vc_column_text css=&#8221;&#8221; text_direction=&#8221;default&#8221;]\n<h2>Register- och dataskyddsbeskrivning<\/h2>\n<p>Detta \u00e4r Tepcomp Group Oy:s\u00a0register- och dataskyddsbeskrivning i enlighet med personuppgiftslagen (10 och 24 \u00a7) och EU:s allm\u00e4nna dataskyddsf\u00f6rordning (GDPR).<\/p>\n<p>Senaste \u00e4ndring 01 december 2020.<\/p>\n<p><strong>1. Registeransvarig<\/strong><\/p>\n<p>Tepcomp Group Oy<br \/>\nHavregatan 46<br \/>\nFI-20740 \u00c5bo<br \/>\nFinland<\/p>\n<p><strong>2. Kontaktperson som ansvarar f\u00f6r registret<\/strong><\/p>\n<p>Masi Lehtisalo<br \/>\nOperations Director<br \/>\n<a href=\"mailto:masi.lehtisalo@tepcomp.fi\">masi.lehtisalo@tepcomp.fi<\/a><\/p>\n<p><strong>3. Registrets namn<\/strong><\/p>\n<p>F\u00f6retagets kundregister<\/p>\n<p><strong>4. R\u00e4ttslig grund och syfte med hanteringen av personuppgifter<\/strong><\/p>\n<p>Den r\u00e4ttsliga grunden f\u00f6r behandling av personuppgifter enligt EU:s allm\u00e4nna dataskyddsf\u00f6rordning \u00e4r:<br \/>\n\u2013 personens samtycke (dokumenterat, frivilligt, personifierat, medvetet och entydigt)<br \/>\n\u2013 ett avtal d\u00e4r den registrerade eller registrerade arbetsgivaren\/f\u00f6retaget \u00e4r parter<\/p>\n<p>Syftet med behandlingen av personuppgifter \u00e4r att kommunicera med kunder, uppr\u00e4tth\u00e5lla en kundrelation och tillhandah\u00e5lla tj\u00e4nster eller tillbeh\u00f6r.<\/p>\n<p>Uppgifterna anv\u00e4nds inte f\u00f6r automatiserat beslutsfattande eller f\u00f6r profilering.<\/p>\n<p><strong>5. Registrets uppgiftsinneh\u00e5ll<\/strong><\/p>\n<p>Registret inneh\u00e5ller f\u00f6ljande uppgifter: personens namn, st\u00e4llning, f\u00f6retag\/organisation, kontaktuppgifter (telefonnummer, e-postadress, adress), webbplatsernas adress, IP-adress, ID\/profiler p\u00e5 sociala medier, uppgifter om best\u00e4llda tj\u00e4nster och \u00e4ndringar, faktureringsuppgifter och andra kundrelations- och prenumerationsrelaterade uppgifter.<\/p>\n<p><strong>6. Ordinarie uppgiftsk\u00e4llor<\/strong><\/p>\n<p>Uppgifterna som sparas i registret kan erh\u00e5llas fr\u00e5n kunden, bland annat via meddelanden som tillhandah\u00e5lls fr\u00e5n webbformul\u00e4r, e-post, telefon, sociala medier, kontrakt, kundm\u00f6ten och andra situationer d\u00e4r kunden \u00f6verl\u00e5ter information.<\/p>\n<p><strong>7. Regelbundet utl\u00e4mnande och \u00f6verf\u00f6ring av uppgifter utanf\u00f6r EU eller europeiska ekonomiska samarbetsomr\u00e5det<\/strong><\/p>\n<p>Uppgifterna l\u00e4mnas inte ut regelbundet till tredje parter.<\/p>\n<p><strong>8. Principer f\u00f6r skydd av registret<\/strong><\/p>\n<p>Registret hanteras med vederb\u00f6rlig omsorg och de uppgifter som behandlas av informationssystemen skyddas p\u00e5 l\u00e4mpligt s\u00e4tt. N\u00e4r registeruppgifter lagras p\u00e5 Internet-servrar, skyddas h\u00e5rdvarans fysiska och digitala informationss\u00e4kerhet p\u00e5 ett l\u00e4mpligt s\u00e4tt. Den registeransvarige s\u00e4kerst\u00e4ller att lagrade uppgifter samt nyttjander\u00e4tter av servrar och andra kritiska uppgifter som \u00e4r viktiga f\u00f6r personuppgifternas s\u00e4kerhet behandlas konfidentiellt och endast av medarbetare till vars arbetsbeskrivning det h\u00f6r att behandla personuppgifter.<\/p>\n<p><strong>9. R\u00e4tt till insyn och r\u00e4ttelse av uppgifter <\/strong><\/p>\n<p>Alla som finns med i registret har r\u00e4tt att granska eller uppdatera de uppgifter om dem som \u00e4r sparade i registret och kr\u00e4va r\u00e4ttelse av eventuella felaktiga uppgifter eller komplettering av bristf\u00e4lliga uppgifter.\u00a0 Om en person vill granska uppgifter som finns sparade om hen eller kr\u00e4va r\u00e4ttelse av dem ska en skriftlig beg\u00e4ran skickas till den\u00a0registeransvarige. Den personuppgiftsansvarige kan vid behov be personen att legitimera sig. Den registeransvarige ska svara p\u00e5 kundens beg\u00e4ran inom den tidsfrist som fastst\u00e4llts i EU:s dataskyddsf\u00f6rordning (i regel inom en m\u00e5nad).<\/p>\n<p><strong>10. \u00d6vriga r\u00e4ttigheter i anslutning till behandling av personuppgifter<\/strong><\/p>\n<p>Personer som \u00e4r med i registret har r\u00e4tt att beg\u00e4ra att deras personuppgifter raderas ur registret (&#8221;r\u00e4tten att bli bortgl\u00f6md&#8221;). Den registrerade har dessutom andra r\u00e4ttigheter enligt\u00a0<a href=\"http:\/\/eur-lex.europa.eu\/legal-content\/SV\/TXT\/?uri=CELEX%3A32016R0679#d1e2144-1-1\" target=\"_blank\" rel=\"noopener noreferrer\">EU:s allm\u00e4nna dataskyddsf\u00f6rordning<\/a>\u00a0, som exempelvis r\u00e4tt att begr\u00e4nsa behandlingen av personuppgifter i vissa situationer.\u00a0 Beg\u00e4ran ska skickas skriftligen till den\u00a0registeransvarige. Den personuppgiftsansvarige kan vid behov be personen att legitimera sig. Den registeransvarige ska svara p\u00e5 kundens beg\u00e4ran inom den tidsfrist som fastst\u00e4llts i EU:s dataskyddsf\u00f6rordning (i regel inom en m\u00e5nad).<\/p>\n<p><strong>11. Kakor<\/strong><\/p>\n<p>Denna webbplats anv\u00e4nder kakor. En kaka (cookie) \u00e4r en liten textfil som webbl\u00e4saren lagrar i anv\u00e4ndarens utrustning. Kakor anv\u00e4nds t.ex. n\u00e4r man vill lagra uppgifter om anv\u00e4ndaren n\u00e4r hen f\u00f6rflyttar sig fr\u00e5n en sida till en annan i en internet-tj\u00e4nst. Anv\u00e4ndningen av kakor f\u00f6ruts\u00e4tter alltid anv\u00e4ndarens samtycke.<\/p>\n<p><a href=\"https:\/\/www.kyberturvallisuuskeskus.fi\/sv\/var-verksamhet\/reglering-och-tillsyn\/konfidentiell-kommunikation\" target=\"_blank\" rel=\"noopener noreferrer\">K\u00e4lla och till\u00e4ggsinformation<\/a>\u00a0(Kommunikationsverket)<\/p>\n<p><strong>Anv\u00e4ndarsp\u00e5rning<\/strong><br \/>\nVi anv\u00e4nder oss av Leadoos anv\u00e4ndarsp\u00e5rning f\u00f6r att f\u00f6lja med hur v\u00e5ra anv\u00e4ndare r\u00f6r sig p\u00e5 v\u00e5ra webbsidor samt kombinerar detta data med anv\u00e4ndarinformation som bl.a. samlas upp via chat interaktioner. Leadoo anv\u00e4nder sig av etag sp\u00e5rning som skiljer sig fr\u00e5n cookie sp\u00e5rning. L\u00e4s n\u00e4rmare om Leadoo Marketing Technologies Ltd\u2019s integritetspolicy ( <a href=\"https:\/\/leadoo.com\/privacy-policy\/\" target=\"_blank\" rel=\"noopener noreferrer\">https:\/\/leadoo.com\/privacy-policy\/<\/a> ) f\u00f6r mer information om vilken information sparas och vad dina r\u00e4ttigheter \u00e4r. Leadoo fungerar som Processor och vi sj\u00e4lva som Controller i GDPR termer. Du kan avsluta sp\u00e5rningen genom att t\u00f6mma din webbl\u00e4sares cache. F\u00f6r mer information om Leadoo\u2019s GDPR policy, kolla in <a href=\"https:\/\/leadoo.com\/privacy-policy-processor\/\" target=\"_blank\" rel=\"noopener noreferrer\">https:\/\/leadoo.com\/privacy-policy-processor\/<\/a>[\/vc_column_text][\/vc_column][\/vc_row]\n","protected":false},"excerpt":{"rendered":"<p>[vc_row type=&#8221;in_container&#8221; full_screen_row_position=&#8221;middle&#8221; column_margin=&#8221;default&#8221; column_direction=&#8221;default&#8221; column_direction_tablet=&#8221;default&#8221; column_direction_phone=&#8221;default&#8221; scene_position=&#8221;center&#8221; text_color=&#8221;dark&#8221; text_align=&#8221;left&#8221; row_border_radius=&#8221;none&#8221; row_border_radius_applies=&#8221;bg&#8221; row_position_desktop=&#8221;default&#8221; row_position_tablet=&#8221;inherit&#8221; row_position_phone=&#8221;inherit&#8221; overflow=&#8221;visible&#8221; overlay_strength=&#8221;0.3&#8243; gradient_direction=&#8221;left_to_right&#8221; shape_divider_position=&#8221;bottom&#8221; bg_image_animation=&#8221;none&#8221;][vc_column column_padding=&#8221;no-extra-padding&#8221; column_padding_tablet=&#8221;inherit&#8221; column_padding_phone=&#8221;inherit&#8221; column_padding_position=&#8221;all&#8221; flex_gap_desktop=&#8221;10px&#8221; column_element_direction_desktop=&#8221;default&#8221; column_element_spacing=&#8221;default&#8221; desktop_text_alignment=&#8221;default&#8221; tablet_text_alignment=&#8221;default&#8221; phone_text_alignment=&#8221;default&#8221;&#8230;<\/p>\n","protected":false},"author":5,"featured_media":0,"parent":0,"menu_order":0,"comment_status":"closed","ping_status":"closed","template":"","meta":{"footnotes":""},"class_list":["post-8785","page","type-page","status-publish"],"yoast_head":"<!-- This site is optimized with the Yoast SEO plugin v27.4 - https:\/\/yoast.com\/product\/yoast-seo-wordpress\/ -->\n<title>Register- och dataskyddsbeskrivning - Tepcomp Group<\/title>\n<meta name=\"description\" content=\"Detta \u00e4r Tepcomp Group Oy:s register- och dataskyddsbeskrivning i enlighet med personuppgiftslagen och EU:s allm\u00e4nna dataskyddsf\u00f6rordning.\" \/>\n<meta name=\"robots\" content=\"index, follow, max-snippet:-1, max-image-preview:large, max-video-preview:-1\" \/>\n<link rel=\"canonical\" href=\"https:\/\/www.tepcomp.fi\/sv\/dataskyddsbeskrivning\/\" \/>\n<meta property=\"og:locale\" content=\"sv_SE\" \/>\n<meta property=\"og:type\" content=\"article\" \/>\n<meta property=\"og:title\" content=\"Register- och dataskyddsbeskrivning - Tepcomp Group\" \/>\n<meta property=\"og:description\" content=\"Detta \u00e4r Tepcomp Group Oy:s register- och dataskyddsbeskrivning i enlighet med personuppgiftslagen och EU:s allm\u00e4nna dataskyddsf\u00f6rordning.\" \/>\n<meta property=\"og:url\" content=\"https:\/\/www.tepcomp.fi\/sv\/dataskyddsbeskrivning\/\" \/>\n<meta property=\"og:site_name\" content=\"Tepcomp Group\" \/>\n<meta property=\"article:modified_time\" content=\"2026-04-22T09:41:57+00:00\" \/>\n<meta name=\"twitter:card\" content=\"summary_large_image\" \/>\n<meta name=\"twitter:label1\" content=\"Ber\u00e4knad l\u00e4stid\" \/>\n\t<meta name=\"twitter:data1\" content=\"3 minuter\" \/>\n<script type=\"application\/ld+json\" class=\"yoast-schema-graph\">{\"@context\":\"https:\\\/\\\/schema.org\",\"@graph\":[{\"@type\":\"WebPage\",\"@id\":\"https:\\\/\\\/www.tepcomp.fi\\\/sv\\\/dataskyddsbeskrivning\\\/\",\"url\":\"https:\\\/\\\/www.tepcomp.fi\\\/sv\\\/dataskyddsbeskrivning\\\/\",\"name\":\"Register- och dataskyddsbeskrivning - Tepcomp Group\",\"isPartOf\":{\"@id\":\"https:\\\/\\\/www.tepcomp.fi\\\/#website\"},\"datePublished\":\"2019-11-11T11:19:38+00:00\",\"dateModified\":\"2026-04-22T09:41:57+00:00\",\"description\":\"Detta \u00e4r Tepcomp Group Oy:s register- och dataskyddsbeskrivning i enlighet med personuppgiftslagen och EU:s allm\u00e4nna dataskyddsf\u00f6rordning.\",\"breadcrumb\":{\"@id\":\"https:\\\/\\\/www.tepcomp.fi\\\/sv\\\/dataskyddsbeskrivning\\\/#breadcrumb\"},\"inLanguage\":\"sv-SE\",\"potentialAction\":[{\"@type\":\"ReadAction\",\"target\":[\"https:\\\/\\\/www.tepcomp.fi\\\/sv\\\/dataskyddsbeskrivning\\\/\"]}]},{\"@type\":\"BreadcrumbList\",\"@id\":\"https:\\\/\\\/www.tepcomp.fi\\\/sv\\\/dataskyddsbeskrivning\\\/#breadcrumb\",\"itemListElement\":[{\"@type\":\"ListItem\",\"position\":1,\"name\":\"Home\",\"item\":\"https:\\\/\\\/www.tepcomp.fi\\\/sv\\\/\"},{\"@type\":\"ListItem\",\"position\":2,\"name\":\"Register- och dataskyddsbeskrivning\"}]},{\"@type\":\"WebSite\",\"@id\":\"https:\\\/\\\/www.tepcomp.fi\\\/#website\",\"url\":\"https:\\\/\\\/www.tepcomp.fi\\\/\",\"name\":\"Tepcomp Group\",\"description\":\"Elektroniikan sopimusvalmistaja\",\"potentialAction\":[{\"@type\":\"SearchAction\",\"target\":{\"@type\":\"EntryPoint\",\"urlTemplate\":\"https:\\\/\\\/www.tepcomp.fi\\\/?s={search_term_string}\"},\"query-input\":{\"@type\":\"PropertyValueSpecification\",\"valueRequired\":true,\"valueName\":\"search_term_string\"}}],\"inLanguage\":\"sv-SE\"}]}<\/script>\n<!-- \/ Yoast SEO plugin. -->","yoast_head_json":{"title":"Register- och dataskyddsbeskrivning - Tepcomp Group","description":"Detta \u00e4r Tepcomp Group Oy:s register- och dataskyddsbeskrivning i enlighet med personuppgiftslagen och EU:s allm\u00e4nna dataskyddsf\u00f6rordning.","robots":{"index":"index","follow":"follow","max-snippet":"max-snippet:-1","max-image-preview":"max-image-preview:large","max-video-preview":"max-video-preview:-1"},"canonical":"https:\/\/www.tepcomp.fi\/sv\/dataskyddsbeskrivning\/","og_locale":"sv_SE","og_type":"article","og_title":"Register- och dataskyddsbeskrivning - Tepcomp Group","og_description":"Detta \u00e4r Tepcomp Group Oy:s register- och dataskyddsbeskrivning i enlighet med personuppgiftslagen och EU:s allm\u00e4nna dataskyddsf\u00f6rordning.","og_url":"https:\/\/www.tepcomp.fi\/sv\/dataskyddsbeskrivning\/","og_site_name":"Tepcomp Group","article_modified_time":"2026-04-22T09:41:57+00:00","twitter_card":"summary_large_image","twitter_misc":{"Ber\u00e4knad l\u00e4stid":"3 minuter"},"schema":{"@context":"https:\/\/schema.org","@graph":[{"@type":"WebPage","@id":"https:\/\/www.tepcomp.fi\/sv\/dataskyddsbeskrivning\/","url":"https:\/\/www.tepcomp.fi\/sv\/dataskyddsbeskrivning\/","name":"Register- och dataskyddsbeskrivning - Tepcomp Group","isPartOf":{"@id":"https:\/\/www.tepcomp.fi\/#website"},"datePublished":"2019-11-11T11:19:38+00:00","dateModified":"2026-04-22T09:41:57+00:00","description":"Detta \u00e4r Tepcomp Group Oy:s register- och dataskyddsbeskrivning i enlighet med personuppgiftslagen och EU:s allm\u00e4nna dataskyddsf\u00f6rordning.","breadcrumb":{"@id":"https:\/\/www.tepcomp.fi\/sv\/dataskyddsbeskrivning\/#breadcrumb"},"inLanguage":"sv-SE","potentialAction":[{"@type":"ReadAction","target":["https:\/\/www.tepcomp.fi\/sv\/dataskyddsbeskrivning\/"]}]},{"@type":"BreadcrumbList","@id":"https:\/\/www.tepcomp.fi\/sv\/dataskyddsbeskrivning\/#breadcrumb","itemListElement":[{"@type":"ListItem","position":1,"name":"Home","item":"https:\/\/www.tepcomp.fi\/sv\/"},{"@type":"ListItem","position":2,"name":"Register- och dataskyddsbeskrivning"}]},{"@type":"WebSite","@id":"https:\/\/www.tepcomp.fi\/#website","url":"https:\/\/www.tepcomp.fi\/","name":"Tepcomp Group","description":"Elektroniikan sopimusvalmistaja","potentialAction":[{"@type":"SearchAction","target":{"@type":"EntryPoint","urlTemplate":"https:\/\/www.tepcomp.fi\/?s={search_term_string}"},"query-input":{"@type":"PropertyValueSpecification","valueRequired":true,"valueName":"search_term_string"}}],"inLanguage":"sv-SE"}]}},"_links":{"self":[{"href":"https:\/\/www.tepcomp.fi\/sv\/wp-json\/wp\/v2\/pages\/8785","targetHints":{"allow":["GET"]}}],"collection":[{"href":"https:\/\/www.tepcomp.fi\/sv\/wp-json\/wp\/v2\/pages"}],"about":[{"href":"https:\/\/www.tepcomp.fi\/sv\/wp-json\/wp\/v2\/types\/page"}],"author":[{"embeddable":true,"href":"https:\/\/www.tepcomp.fi\/sv\/wp-json\/wp\/v2\/users\/5"}],"replies":[{"embeddable":true,"href":"https:\/\/www.tepcomp.fi\/sv\/wp-json\/wp\/v2\/comments?post=8785"}],"version-history":[{"count":5,"href":"https:\/\/www.tepcomp.fi\/sv\/wp-json\/wp\/v2\/pages\/8785\/revisions"}],"predecessor-version":[{"id":9683,"href":"https:\/\/www.tepcomp.fi\/sv\/wp-json\/wp\/v2\/pages\/8785\/revisions\/9683"}],"wp:attachment":[{"href":"https:\/\/www.tepcomp.fi\/sv\/wp-json\/wp\/v2\/media?parent=8785"}],"curies":[{"name":"wp","href":"https:\/\/api.w.org\/{rel}","templated":true}]}}